{"id":8608,"date":"2022-06-19T22:42:49","date_gmt":"2022-06-19T20:42:49","guid":{"rendered":"https:\/\/www.ivfclinic.cz\/vyrocni-zpravy\/"},"modified":"2024-02-27T14:41:29","modified_gmt":"2024-02-27T13:41:29","slug":"annual-reports","status":"publish","type":"page","link":"https:\/\/www.ivfclinic.cz\/en\/annual-reports\/","title":{"rendered":"Annual reports and other documents"},"content":{"rendered":"\t\t<div data-elementor-type=\"wp-page\" data-elementor-id=\"8608\" class=\"elementor elementor-8608 elementor-5555\">\n\t\t\t\t\t\t<div class=\"elementor-inner\">\n\t\t\t\t<div class=\"elementor-section-wrap\">\n\t\t\t\t\t\t\t\t\t<section class=\"elementor-section elementor-top-section elementor-element elementor-element-6768b7b elementor-section-boxed elementor-section-height-default elementor-section-height-default\" data-id=\"6768b7b\" data-element_type=\"section\" data-settings=\"{&quot;background_background&quot;:&quot;classic&quot;}\">\n\t\t\t\t\t\t\t<div class=\"elementor-background-overlay\"><\/div>\n\t\t\t\t\t\t\t<div class=\"elementor-container elementor-column-gap-default\">\n\t\t\t\t\t\t\t<div class=\"elementor-row\">\n\t\t\t\t\t<div class=\"elementor-column elementor-col-100 elementor-top-column elementor-element elementor-element-820976f\" data-id=\"820976f\" data-element_type=\"column\">\n\t\t\t<div class=\"elementor-column-wrap elementor-element-populated\">\n\t\t\t\t\t\t\t<div class=\"elementor-widget-wrap\">\n\t\t\t\t\t\t<section class=\"elementor-section elementor-inner-section elementor-element elementor-element-524444d elementor-section-boxed elementor-section-height-default elementor-section-height-default\" data-id=\"524444d\" data-element_type=\"section\">\n\t\t\t\t\t\t<div class=\"elementor-container elementor-column-gap-default\">\n\t\t\t\t\t\t\t<div class=\"elementor-row\">\n\t\t\t\t\t<div class=\"elementor-column elementor-col-100 elementor-inner-column elementor-element elementor-element-478c81f\" data-id=\"478c81f\" data-element_type=\"column\">\n\t\t\t<div class=\"elementor-column-wrap elementor-element-populated\">\n\t\t\t\t\t\t\t<div class=\"elementor-widget-wrap\">\n\t\t\t\t\t\t<div class=\"elementor-element elementor-element-e231b7e elementor-widget__width-auto dce_masking-none elementor-widget elementor-widget-image\" data-id=\"e231b7e\" data-element_type=\"widget\" data-widget_type=\"image.default\">\n\t\t\t\t<div class=\"elementor-widget-container\">\n\t\t\t\t\t\t\t\t<div class=\"elementor-image\">\n\t\t\t\t\t\t\t\t\t\t\t\t<img decoding=\"async\" width=\"57\" height=\"56\" src=\"https:\/\/www.ivfclinic.cz\/wp-content\/uploads\/2022\/04\/Group-1114.svg\" class=\"attachment-large size-large wp-image-6201\" alt=\"\" loading=\"lazy\" \/>\t\t\t\t\t\t\t\t\t\t\t\t\t\t<\/div>\n\t\t\t\t\t\t<\/div>\n\t\t\t\t<\/div>\n\t\t\t\t<div class=\"elementor-element elementor-element-62df0f8 elementor-widget__width-auto elementor-widget-mobile__width-inherit elementor-widget elementor-widget-heading\" data-id=\"62df0f8\" data-element_type=\"widget\" data-widget_type=\"heading.default\">\n\t\t\t\t<div class=\"elementor-widget-container\">\n\t\t\t<h2 class=\"elementor-heading-title elementor-size-default\">Annual reports<\/h2>\t\t<\/div>\n\t\t\t\t<\/div>\n\t\t\t\t<div class=\"elementor-element elementor-element-0089090 elementor-widget__width-auto dce_masking-none elementor-widget elementor-widget-image\" data-id=\"0089090\" data-element_type=\"widget\" data-widget_type=\"image.default\">\n\t\t\t\t<div class=\"elementor-widget-container\">\n\t\t\t\t\t\t\t\t<div class=\"elementor-image\">\n\t\t\t\t\t\t\t\t\t\t\t\t<img decoding=\"async\" width=\"57\" height=\"56\" src=\"https:\/\/www.ivfclinic.cz\/wp-content\/uploads\/2022\/04\/Group-1114.svg\" class=\"attachment-large size-large wp-image-6201\" alt=\"\" loading=\"lazy\" \/>\t\t\t\t\t\t\t\t\t\t\t\t\t\t<\/div>\n\t\t\t\t\t\t<\/div>\n\t\t\t\t<\/div>\n\t\t\t\t\t\t<\/div>\n\t\t\t\t\t<\/div>\n\t\t<\/div>\n\t\t\t\t\t\t\t\t<\/div>\n\t\t\t\t\t<\/div>\n\t\t<\/section>\n\t\t\t\t<div class=\"dce-fix-background-loop elementor-element elementor-element-2f64ced annual-reports--archive elementor-widget elementor-widget-dce-acf-repeater-v2\" data-id=\"2f64ced\" data-element_type=\"widget\" data-settings=\"{&quot;dce_acf_repeater_format&quot;:&quot;grid&quot;}\" data-widget_type=\"dce-acf-repeater-v2.default\">\n\t\t\t\t<div class=\"elementor-widget-container\">\n\t\t\t<div class=\"dce-acf-repeater\"><div class=\"dce-acf-repeater-grid\"><div class=\"dce-acf-repeater-item\"><div class=\"annual-item\">\n    <img decoding=\"async\" src=\"https:\/\/www.ivfclinic.cz\/wp-content\/uploads\/2022\/06\/file.png\">\n    <p>Annual report 2023<\/p>\n    <a href=\"https:\/\/www.ivfclinic.cz\/wp-content\/uploads\/2024\/02\/Vyrocni-zprava-2023.pdf\" target=\"_blank\" >\n        Download\n    <\/a>\n<\/div>\n<\/div><div class=\"dce-acf-repeater-item\"><div class=\"annual-item\">\n    <img decoding=\"async\" src=\"https:\/\/www.ivfclinic.cz\/wp-content\/uploads\/2022\/06\/file.png\">\n    <p>Annual report 2022<\/p>\n    <a href=\"https:\/\/www.ivfclinic.cz\/wp-content\/uploads\/2023\/03\/Vyrocni_zprava_IVF_Clinic_2022.pdf\" target=\"_blank\" >\n        Download\n    <\/a>\n<\/div>\n<\/div><div class=\"dce-acf-repeater-item\"><div class=\"annual-item\">\n    <img decoding=\"async\" src=\"https:\/\/www.ivfclinic.cz\/wp-content\/uploads\/2022\/06\/file.png\">\n    <p>Annual report 2021<\/p>\n    <a href=\"https:\/\/www.ivfclinic.cz\/wp-content\/uploads\/2022\/06\/Vyrocni_zprava_IVF_Clinic_2021.pdf\" target=\"_blank\" >\n        Download\n    <\/a>\n<\/div>\n<\/div><div class=\"dce-acf-repeater-item\"><div class=\"annual-item\">\n    <img decoding=\"async\" src=\"https:\/\/www.ivfclinic.cz\/wp-content\/uploads\/2022\/06\/file.png\">\n    <p>Annual report 2020<\/p>\n    <a href=\"https:\/\/www.ivfclinic.cz\/wp-content\/uploads\/2022\/06\/Vyrocni_zprava_IVF_Clinic_2020.pdf\" target=\"_blank\" >\n        Download\n    <\/a>\n<\/div>\n<\/div><div class=\"dce-acf-repeater-item\"><div class=\"annual-item\">\n    <img decoding=\"async\" src=\"https:\/\/www.ivfclinic.cz\/wp-content\/uploads\/2022\/06\/file.png\">\n    <p>Annual report 2019<\/p>\n    <a href=\"https:\/\/www.ivfclinic.cz\/wp-content\/uploads\/2022\/06\/vyrocni_zprava_ivf_clinic_2019.pdf\" target=\"_blank\" >\n        Download\n    <\/a>\n<\/div>\n<\/div><div class=\"dce-acf-repeater-item\"><div class=\"annual-item\">\n    <img decoding=\"async\" src=\"https:\/\/www.ivfclinic.cz\/wp-content\/uploads\/2022\/06\/file.png\">\n    <p>Annual report 2018<\/p>\n    <a href=\"https:\/\/www.ivfclinic.cz\/wp-content\/uploads\/2022\/06\/vyrocni-zprava-ivf-clinic-2018.pdf\" target=\"_blank\" >\n        Download\n    <\/a>\n<\/div>\n<\/div><div class=\"dce-acf-repeater-item\"><div class=\"annual-item\">\n    <img decoding=\"async\" src=\"https:\/\/www.ivfclinic.cz\/wp-content\/uploads\/2022\/06\/file.png\">\n    <p>Annual report 2017<\/p>\n    <a href=\"https:\/\/www.ivfclinic.cz\/wp-content\/uploads\/2022\/06\/vyrocni-zprava-ivf-clinic-2017.pdf\" target=\"_blank\" >\n        Download\n    <\/a>\n<\/div>\n<\/div><div class=\"dce-acf-repeater-item\"><div class=\"annual-item\">\n    <img decoding=\"async\" src=\"https:\/\/www.ivfclinic.cz\/wp-content\/uploads\/2022\/06\/file.png\">\n    <p>Annual report 2016<\/p>\n    <a href=\"https:\/\/www.ivfclinic.cz\/wp-content\/uploads\/2022\/06\/vyrocni-zprava-ivf-clinic-2016.pdf\" target=\"_blank\" >\n        Download\n    <\/a>\n<\/div>\n<\/div><div class=\"dce-acf-repeater-item\"><div class=\"annual-item\">\n    <img decoding=\"async\" src=\"https:\/\/www.ivfclinic.cz\/wp-content\/uploads\/2022\/06\/file.png\">\n    <p>Annual report 2015<\/p>\n    <a href=\"https:\/\/www.ivfclinic.cz\/wp-content\/uploads\/2022\/06\/vyrocni-zprava-ivf-clinic-2015.pdf\" target=\"_blank\" >\n        Download\n    <\/a>\n<\/div>\n<\/div><div class=\"dce-acf-repeater-item\"><div class=\"annual-item\">\n    <img decoding=\"async\" src=\"https:\/\/www.ivfclinic.cz\/wp-content\/uploads\/2022\/06\/file.png\">\n    <p>Annual report 2014<\/p>\n    <a href=\"https:\/\/www.ivfclinic.cz\/wp-content\/uploads\/2022\/06\/vyrocni-zprava-ivf-clinic-2014.pdf\" target=\"_blank\" >\n        Download\n    <\/a>\n<\/div>\n<\/div><div class=\"dce-acf-repeater-item\"><div class=\"annual-item\">\n    <img decoding=\"async\" src=\"https:\/\/www.ivfclinic.cz\/wp-content\/uploads\/2022\/06\/file.png\">\n    <p>Annual report 2013<\/p>\n    <a href=\"https:\/\/www.ivfclinic.cz\/wp-content\/uploads\/2022\/06\/vyrocni-zprava-ivf-clinic-2013.pdf\" target=\"_blank\" >\n        Download\n    <\/a>\n<\/div>\n<\/div><div class=\"dce-acf-repeater-item\"><div class=\"annual-item\">\n    <img decoding=\"async\" src=\"https:\/\/www.ivfclinic.cz\/wp-content\/uploads\/2022\/06\/file.png\">\n    <p>Annual report 2012<\/p>\n    <a href=\"https:\/\/www.ivfclinic.cz\/wp-content\/uploads\/2022\/06\/vyrocni-zprava-ivf-clinic-2012.pdf\" target=\"_blank\" >\n        Download\n    <\/a>\n<\/div>\n<\/div><\/div><\/div>\t\t<\/div>\n\t\t\t\t<\/div>\n\t\t\t\t\t\t<\/div>\n\t\t\t\t\t<\/div>\n\t\t<\/div>\n\t\t\t\t\t\t\t\t<\/div>\n\t\t\t\t\t<\/div>\n\t\t<\/section>\n\t\t\t\t<section class=\"elementor-section elementor-top-section elementor-element elementor-element-32c3ba5 elementor-section-boxed elementor-section-height-default elementor-section-height-default\" data-id=\"32c3ba5\" data-element_type=\"section\" data-settings=\"{&quot;background_background&quot;:&quot;classic&quot;}\">\n\t\t\t\t\t\t\t<div class=\"elementor-background-overlay\"><\/div>\n\t\t\t\t\t\t\t<div class=\"elementor-container elementor-column-gap-default\">\n\t\t\t\t\t\t\t<div class=\"elementor-row\">\n\t\t\t\t\t<div class=\"elementor-column elementor-col-100 elementor-top-column elementor-element elementor-element-684eaba\" data-id=\"684eaba\" data-element_type=\"column\">\n\t\t\t<div class=\"elementor-column-wrap elementor-element-populated\">\n\t\t\t\t\t\t\t<div class=\"elementor-widget-wrap\">\n\t\t\t\t\t\t<section class=\"elementor-section elementor-inner-section elementor-element elementor-element-abbd7be elementor-section-boxed elementor-section-height-default elementor-section-height-default\" data-id=\"abbd7be\" data-element_type=\"section\">\n\t\t\t\t\t\t<div class=\"elementor-container elementor-column-gap-default\">\n\t\t\t\t\t\t\t<div class=\"elementor-row\">\n\t\t\t\t\t<div class=\"elementor-column elementor-col-100 elementor-inner-column elementor-element elementor-element-5cf4073\" data-id=\"5cf4073\" data-element_type=\"column\">\n\t\t\t<div class=\"elementor-column-wrap elementor-element-populated\">\n\t\t\t\t\t\t\t<div class=\"elementor-widget-wrap\">\n\t\t\t\t\t\t<div class=\"elementor-element elementor-element-3973ad9 elementor-widget__width-auto dce_masking-none elementor-widget elementor-widget-image\" data-id=\"3973ad9\" data-element_type=\"widget\" data-widget_type=\"image.default\">\n\t\t\t\t<div class=\"elementor-widget-container\">\n\t\t\t\t\t\t\t\t<div class=\"elementor-image\">\n\t\t\t\t\t\t\t\t\t\t\t\t<img decoding=\"async\" width=\"57\" height=\"57\" src=\"https:\/\/www.ivfclinic.cz\/wp-content\/uploads\/2022\/04\/Group-260.svg\" class=\"attachment-large size-large wp-image-6223\" alt=\"\" loading=\"lazy\" \/>\t\t\t\t\t\t\t\t\t\t\t\t\t\t<\/div>\n\t\t\t\t\t\t<\/div>\n\t\t\t\t<\/div>\n\t\t\t\t<div class=\"elementor-element elementor-element-5ce86a7 elementor-widget__width-auto elementor-widget-mobile__width-inherit elementor-widget elementor-widget-heading\" data-id=\"5ce86a7\" data-element_type=\"widget\" data-widget_type=\"heading.default\">\n\t\t\t\t<div class=\"elementor-widget-container\">\n\t\t\t<h2 class=\"elementor-heading-title elementor-size-default\">Other documents<\/h2>\t\t<\/div>\n\t\t\t\t<\/div>\n\t\t\t\t<div class=\"elementor-element elementor-element-a28dad8 elementor-widget__width-auto dce_masking-none elementor-widget elementor-widget-image\" data-id=\"a28dad8\" data-element_type=\"widget\" data-widget_type=\"image.default\">\n\t\t\t\t<div class=\"elementor-widget-container\">\n\t\t\t\t\t\t\t\t<div class=\"elementor-image\">\n\t\t\t\t\t\t\t\t\t\t\t\t<img decoding=\"async\" width=\"57\" height=\"57\" src=\"https:\/\/www.ivfclinic.cz\/wp-content\/uploads\/2022\/04\/Group-260.svg\" class=\"attachment-large size-large wp-image-6223\" alt=\"\" loading=\"lazy\" \/>\t\t\t\t\t\t\t\t\t\t\t\t\t\t<\/div>\n\t\t\t\t\t\t<\/div>\n\t\t\t\t<\/div>\n\t\t\t\t\t\t<\/div>\n\t\t\t\t\t<\/div>\n\t\t<\/div>\n\t\t\t\t\t\t\t\t<\/div>\n\t\t\t\t\t<\/div>\n\t\t<\/section>\n\t\t\t\t<div class=\"dce-fix-background-loop elementor-element elementor-element-d7f11e5 annual-reports--archive elementor-widget elementor-widget-dce-acf-repeater-v2\" data-id=\"d7f11e5\" data-element_type=\"widget\" data-settings=\"{&quot;dce_acf_repeater_format&quot;:&quot;grid&quot;}\" data-widget_type=\"dce-acf-repeater-v2.default\">\n\t\t\t\t<div class=\"elementor-widget-container\">\n\t\t\t<div class=\"dce-acf-repeater\"><div class=\"dce-acf-repeater-grid\"><div class=\"dce-acf-repeater-item\"><div class=\"annual-item\">\n    <img decoding=\"async\" src=\"https:\/\/www.ivfclinic.cz\/wp-content\/uploads\/2022\/06\/file.png\">\n    <p>Etick\u00fd kodex<\/p>\n    <a href=\"https:\/\/www.ivfclinic.cz\/wp-content\/uploads\/2023\/04\/Prohlaseni-o-zakladech-obchodniho-chovani-a-etickeho-kodexu.pdf\" target=\"_blank\" >\n        Download\n    <\/a>\n<\/div><\/div><\/div><\/div>\t\t<\/div>\n\t\t\t\t<\/div>\n\t\t\t\t\t\t<\/div>\n\t\t\t\t\t<\/div>\n\t\t<\/div>\n\t\t\t\t\t\t\t\t<\/div>\n\t\t\t\t\t<\/div>\n\t\t<\/section>\n\t\t\t\t\t\t\t\t\t<\/div>\n\t\t\t<\/div>\n\t\t\t\t\t<\/div>\n\t\t","protected":false},"excerpt":{"rendered":"<p>Annual reports V\u00fdro\u010dn\u00ed zpr\u00e1va 2021 Download V\u00fdro\u010dn\u00ed zpr\u00e1va 2020 Download V\u00fdro\u010dn\u00ed zpr\u00e1va 2019 Download V\u00fdro\u010dn\u00ed zpr\u00e1va 2018 Download V\u00fdro\u010dn\u00ed zpr\u00e1va 2017 Download V\u00fdro\u010dn\u00ed zpr\u00e1va 2016 Download V\u00fdro\u010dn\u00ed zpr\u00e1va 2015 Download V\u00fdro\u010dn\u00ed zpr\u00e1va 2014 Download V\u00fdro\u010dn\u00ed zpr\u00e1va 2013 Download V\u00fdro\u010dn\u00ed zpr\u00e1va 2012 Download Other documents Etick\u00fd kodex Download<\/p>\n","protected":false},"author":1,"featured_media":8756,"parent":0,"menu_order":0,"comment_status":"closed","ping_status":"closed","template":"elementor_header_footer","meta":[],"acf":[],"aioseo_notices":[],"_links":{"self":[{"href":"https:\/\/www.ivfclinic.cz\/en\/wp-json\/wp\/v2\/pages\/8608"}],"collection":[{"href":"https:\/\/www.ivfclinic.cz\/en\/wp-json\/wp\/v2\/pages"}],"about":[{"href":"https:\/\/www.ivfclinic.cz\/en\/wp-json\/wp\/v2\/types\/page"}],"author":[{"embeddable":true,"href":"https:\/\/www.ivfclinic.cz\/en\/wp-json\/wp\/v2\/users\/1"}],"replies":[{"embeddable":true,"href":"https:\/\/www.ivfclinic.cz\/en\/wp-json\/wp\/v2\/comments?post=8608"}],"version-history":[{"count":18,"href":"https:\/\/www.ivfclinic.cz\/en\/wp-json\/wp\/v2\/pages\/8608\/revisions"}],"predecessor-version":[{"id":11088,"href":"https:\/\/www.ivfclinic.cz\/en\/wp-json\/wp\/v2\/pages\/8608\/revisions\/11088"}],"wp:featuredmedia":[{"embeddable":true,"href":"https:\/\/www.ivfclinic.cz\/en\/wp-json\/wp\/v2\/media\/8756"}],"wp:attachment":[{"href":"https:\/\/www.ivfclinic.cz\/en\/wp-json\/wp\/v2\/media?parent=8608"}],"curies":[{"name":"wp","href":"https:\/\/api.w.org\/{rel}","templated":true}]}}